{"id":9,"date":"2025-01-29T14:06:16","date_gmt":"2025-01-29T13:06:16","guid":{"rendered":"https:\/\/hp-wp.de\/?page_id=9"},"modified":"2025-02-17T15:20:44","modified_gmt":"2025-02-17T14:20:44","slug":"servus-moin-moin-und-herzlich-willkommen","status":"publish","type":"page","link":"https:\/\/hp-wp.de\/","title":{"rendered":"Servus, Moin Moin und Herzlich Willkommen!!!"},"content":{"rendered":"\n<p>Auf den folgenden Seiten m\u00f6chte ich mich, meine Interessen und Hobbys pr\u00e4sentieren.<br>Ich w\u00fcnsche viel Spa\u00df beim lesen und st\u00f6bern!<\/p>\n\n\n\n<figure class=\"wp-block-table\"><table class=\"has-fixed-layout\"><tbody><tr><td><a href=\"https:\/\/hp-wp.de\/?page_id=425\" data-type=\"page\" data-id=\"425\"><img loading=\"lazy\" decoding=\"async\" width=\"150\" height=\"150\" class=\"wp-image-434\" style=\"width: 150px;\" src=\"https:\/\/hp-wp.de\/wp-content\/uploads\/2025\/02\/karriere.jpg\" alt=\"\"><\/a><\/td><td><a href=\"https:\/\/hp-wp.de\/?cat=3\" data-type=\"category\" data-id=\"3\"><img loading=\"lazy\" decoding=\"async\" width=\"150\" height=\"150\" class=\"wp-image-435\" style=\"width: 150px;\" src=\"https:\/\/hp-wp.de\/wp-content\/uploads\/2025\/02\/afu.jpg\" alt=\"\"><\/a><\/td><td><a href=\"https:\/\/hp-wp.de\/?cat=4\" data-type=\"category\" data-id=\"4\"><img loading=\"lazy\" decoding=\"async\" width=\"150\" height=\"150\" class=\"wp-image-438\" style=\"width: 150px;\" src=\"https:\/\/hp-wp.de\/wp-content\/uploads\/2025\/02\/foto.jpg\" alt=\"\"><\/a><\/td><td><a href=\"https:\/\/hp-wp.de\/?cat=5\" data-type=\"category\" data-id=\"5\"><img loading=\"lazy\" decoding=\"async\" width=\"150\" height=\"150\" class=\"wp-image-439\" style=\"width: 150px;\" src=\"https:\/\/hp-wp.de\/wp-content\/uploads\/2025\/02\/modellbahn.jpg\" alt=\"\"><\/a><\/td><td class=\"has-text-align-left\" data-align=\"left\"><a href=\"https:\/\/hp-wp.de\/?cat=6\" data-type=\"category\" data-id=\"6\"><img loading=\"lazy\" decoding=\"async\" width=\"150\" height=\"150\" class=\"wp-image-441\" style=\"width: 150px;\" src=\"https:\/\/hp-wp.de\/wp-content\/uploads\/2025\/02\/reisen.jpg\" alt=\"\"><\/a><\/td><\/tr><tr><td><a href=\"https:\/\/hp-wp.de\/?page_id=425\" data-type=\"page\" data-id=\"425\">Karriere<\/a><\/td><td><a href=\"https:\/\/hp-wp.de\/?cat=3\" data-type=\"category\" data-id=\"3\">Amateurfunk<\/a><\/td><td><a href=\"https:\/\/hp-wp.de\/?cat=4\" data-type=\"category\" data-id=\"4\">Fotografie<\/a><\/td><td><a href=\"https:\/\/hp-wp.de\/?cat=5\" data-type=\"category\" data-id=\"5\">Modellbahn<\/a><\/td><td class=\"has-text-align-left\" data-align=\"left\"><a href=\"https:\/\/hp-wp.de\/?cat=6\" data-type=\"category\" data-id=\"6\">Reisen<\/a><\/td><\/tr><\/tbody><\/table><\/figure>\n\n\n\n<p><\/p>\n","protected":false},"excerpt":{"rendered":"<p>Auf den folgenden Seiten m\u00f6chte ich mich, meine Interessen und Hobbys pr\u00e4sentieren.Ich w\u00fcnsche viel Spa\u00df beim lesen und st\u00f6bern! Karriere Amateurfunk Fotografie Modellbahn Reisen<\/p>\n","protected":false},"author":1,"featured_media":0,"parent":0,"menu_order":0,"comment_status":"closed","ping_status":"closed","template":"","meta":{"footnotes":""},"class_list":["post-9","page","type-page","status-publish","hentry"],"_links":{"self":[{"href":"https:\/\/hp-wp.de\/index.php?rest_route=\/wp\/v2\/pages\/9","targetHints":{"allow":["GET"]}}],"collection":[{"href":"https:\/\/hp-wp.de\/index.php?rest_route=\/wp\/v2\/pages"}],"about":[{"href":"https:\/\/hp-wp.de\/index.php?rest_route=\/wp\/v2\/types\/page"}],"author":[{"embeddable":true,"href":"https:\/\/hp-wp.de\/index.php?rest_route=\/wp\/v2\/users\/1"}],"replies":[{"embeddable":true,"href":"https:\/\/hp-wp.de\/index.php?rest_route=%2Fwp%2Fv2%2Fcomments&post=9"}],"version-history":[{"count":9,"href":"https:\/\/hp-wp.de\/index.php?rest_route=\/wp\/v2\/pages\/9\/revisions"}],"predecessor-version":[{"id":442,"href":"https:\/\/hp-wp.de\/index.php?rest_route=\/wp\/v2\/pages\/9\/revisions\/442"}],"wp:attachment":[{"href":"https:\/\/hp-wp.de\/index.php?rest_route=%2Fwp%2Fv2%2Fmedia&parent=9"}],"curies":[{"name":"wp","href":"https:\/\/api.w.org\/{rel}","templated":true}]}}