{"id":570,"date":"2025-07-02T22:09:03","date_gmt":"2025-07-02T20:09:03","guid":{"rendered":"https:\/\/hp-wp.de\/?page_id=570"},"modified":"2025-07-02T22:09:03","modified_gmt":"2025-07-02T20:09:03","slug":"aktiv-antenne","status":"publish","type":"page","link":"https:\/\/hp-wp.de\/?page_id=570","title":{"rendered":"Aktiv Antenne"},"content":{"rendered":"\n<p>An vielen Stellen in der Amateurfunk Literatur \u2013 on- und offline \u2013 kann man etwas \u00fcber Aktivantennen, Miracle Whip Antennen u.\u00e4. lesen. Was haben alle diese Antennen letztlich gemeinsam? Kurz gesagt, sie sind kurz im Vergleich zur Wellenl\u00e4nge und haben einen LNA (Low Noise Amplifier) mit hochohmigem Eingang.<\/p>\n\n\n\n<figure class=\"wp-block-image size-full\"><img loading=\"lazy\" decoding=\"async\" width=\"693\" height=\"597\" src=\"https:\/\/hp-wp.de\/wp-content\/uploads\/2025\/07\/schaltung.png\" alt=\"\" class=\"wp-image-571\" srcset=\"https:\/\/hp-wp.de\/wp-content\/uploads\/2025\/07\/schaltung.png 693w, https:\/\/hp-wp.de\/wp-content\/uploads\/2025\/07\/schaltung-300x258.png 300w\" sizes=\"auto, (max-width: 693px) 100vw, 693px\" \/><\/figure>\n\n\n\n<p>Bei ebay bestellte ich mir eine 120cm lange Teleskopantenne mit einem F-Stecker Anschluss. Im Buch\u00a0<a href=\"https:\/\/www.box73.de\/product_info.php?products_id=1873\" target=\"_blank\" rel=\"noreferrer noopener\">\u201cHochfrequenz-Transistorpraxis\u201d<\/a>\u00a0von Frank Sichla fand ich auf Seite 213 die passende Verst\u00e4rker Schaltung. Den Schaltplan habe ich 1:1 aus dem Buch mit KiCAD \u201cabgemalt\u201d.<\/p>\n\n\n\n<div class=\"wp-block-columns is-layout-flex wp-container-core-columns-is-layout-9d6595d7 wp-block-columns-is-layout-flex\">\n<div class=\"wp-block-column is-layout-flow wp-block-column-is-layout-flow\">\n<figure class=\"wp-block-image size-full\"><img loading=\"lazy\" decoding=\"async\" width=\"340\" height=\"255\" src=\"https:\/\/hp-wp.de\/wp-content\/uploads\/2025\/07\/aufbau1.png\" alt=\"\" class=\"wp-image-572\" srcset=\"https:\/\/hp-wp.de\/wp-content\/uploads\/2025\/07\/aufbau1.png 340w, https:\/\/hp-wp.de\/wp-content\/uploads\/2025\/07\/aufbau1-300x225.png 300w\" sizes=\"auto, (max-width: 340px) 100vw, 340px\" \/><\/figure>\n<\/div>\n\n\n\n<div class=\"wp-block-column is-layout-flow wp-block-column-is-layout-flow\">\n<figure class=\"wp-block-image size-full\"><img loading=\"lazy\" decoding=\"async\" width=\"340\" height=\"255\" src=\"https:\/\/hp-wp.de\/wp-content\/uploads\/2025\/07\/aufbau2.png\" alt=\"\" class=\"wp-image-573\" srcset=\"https:\/\/hp-wp.de\/wp-content\/uploads\/2025\/07\/aufbau2.png 340w, https:\/\/hp-wp.de\/wp-content\/uploads\/2025\/07\/aufbau2-300x225.png 300w\" sizes=\"auto, (max-width: 340px) 100vw, 340px\" \/><\/figure>\n<\/div>\n<\/div>\n\n\n\n<p>Alle Bauteile waren in meinem Bastelvorrat zu finden und so l\u00f6tete ich die Schaltung auf einem St\u00fcck Lochrasterplatine zusammen. Eingepackt in einem standfesten Geh\u00e4use macht die Antenne schon was her. Ich konnte damit innerhalb der Wohnung Stationen aus Europa auf 160m, 80m und 40m empfangen. Andere B\u00e4nder habe ich bisher nicht getestet, laut der Schaltungsbeschreibung soll diese aber bis 200 MHz funktionieren.<\/p>\n","protected":false},"excerpt":{"rendered":"<p>An vielen Stellen in der Amateurfunk Literatur \u2013 on- und offline \u2013 kann man etwas \u00fcber Aktivantennen, Miracle Whip Antennen u.\u00e4. lesen. Was haben alle diese Antennen letztlich gemeinsam? Kurz gesagt, sie sind kurz im Vergleich zur Wellenl\u00e4nge und haben einen LNA (Low Noise Amplifier) mit hochohmigem Eingang. Bei ebay bestellte ich mir eine 120cm&#8230;<\/p>\n","protected":false},"author":1,"featured_media":0,"parent":0,"menu_order":0,"comment_status":"closed","ping_status":"closed","template":"","meta":{"footnotes":""},"class_list":["post-570","page","type-page","status-publish","hentry"],"_links":{"self":[{"href":"https:\/\/hp-wp.de\/index.php?rest_route=\/wp\/v2\/pages\/570","targetHints":{"allow":["GET"]}}],"collection":[{"href":"https:\/\/hp-wp.de\/index.php?rest_route=\/wp\/v2\/pages"}],"about":[{"href":"https:\/\/hp-wp.de\/index.php?rest_route=\/wp\/v2\/types\/page"}],"author":[{"embeddable":true,"href":"https:\/\/hp-wp.de\/index.php?rest_route=\/wp\/v2\/users\/1"}],"replies":[{"embeddable":true,"href":"https:\/\/hp-wp.de\/index.php?rest_route=%2Fwp%2Fv2%2Fcomments&post=570"}],"version-history":[{"count":1,"href":"https:\/\/hp-wp.de\/index.php?rest_route=\/wp\/v2\/pages\/570\/revisions"}],"predecessor-version":[{"id":574,"href":"https:\/\/hp-wp.de\/index.php?rest_route=\/wp\/v2\/pages\/570\/revisions\/574"}],"wp:attachment":[{"href":"https:\/\/hp-wp.de\/index.php?rest_route=%2Fwp%2Fv2%2Fmedia&parent=570"}],"curies":[{"name":"wp","href":"https:\/\/api.w.org\/{rel}","templated":true}]}}