{"id":564,"date":"2025-07-02T22:02:46","date_gmt":"2025-07-02T20:02:46","guid":{"rendered":"https:\/\/hp-wp.de\/?page_id=564"},"modified":"2025-07-02T22:02:46","modified_gmt":"2025-07-02T20:02:46","slug":"qrp-labs-dummyload","status":"publish","type":"page","link":"https:\/\/hp-wp.de\/?page_id=564","title":{"rendered":"QRP Labs Dummyload"},"content":{"rendered":"\n<p>Als ich mir bei QRP Labs das Bandpass Filter Set bestellt habe, bin ich noch \u00fcber diese 20 Watt Dummy Load gestolpert. Bei einem Preis von ~8\u20ac konnte ich nicht Nein sagen. Gestern kam das Paket per TNT Express an, heute habe ich mich ran gesetzt und den Bausatz zusammen gebaut.<\/p>\n\n\n\n<figure class=\"wp-block-image size-full\"><img loading=\"lazy\" decoding=\"async\" width=\"700\" height=\"488\" src=\"https:\/\/hp-wp.de\/wp-content\/uploads\/2025\/07\/inhalt.png\" alt=\"\" class=\"wp-image-565\" srcset=\"https:\/\/hp-wp.de\/wp-content\/uploads\/2025\/07\/inhalt.png 700w, https:\/\/hp-wp.de\/wp-content\/uploads\/2025\/07\/inhalt-300x209.png 300w\" sizes=\"auto, (max-width: 700px) 100vw, 700px\" \/><\/figure>\n\n\n\n<p>Im T\u00fctchen befinden sich zwei identische Platinen, eine BNC Buchse, eine Diode, ein Kondensator und 20 bzw 22 1kOhm, 1%, 1W Widerst\u00e4nde. Durch die Parallelschaltung der 20 Widerst\u00e4nde ergibt sich ein, mit 20 Watt belastbarer, 50 Ohm Widerstand. Das Konzept des Bausatzes ist ganz pfiffig. Die Widerst\u00e4nde werden zwichen die beiden Platinen gel\u00f6tet, so hat man quasi gleich eine Art Geh\u00e4use drum rum. Zus\u00e4tzlich habe ich den Dummyload noch in ein Alu Geh\u00e4use eingebaut. Zum einen zum Schutz und zum anderen als Abschirmung. Au\u00dferdem gibt es einen Ausgang, an dem man mit einem Spannungsmesser ganz grob die abgegebene Leistung messen kann.<\/p>\n\n\n\n<div class=\"wp-block-columns is-layout-flex wp-container-core-columns-is-layout-9d6595d7 wp-block-columns-is-layout-flex\">\n<div class=\"wp-block-column is-layout-flow wp-block-column-is-layout-flow\">\n<figure class=\"wp-block-image size-full\"><img loading=\"lazy\" decoding=\"async\" width=\"340\" height=\"262\" src=\"https:\/\/hp-wp.de\/wp-content\/uploads\/2025\/07\/zusammenbau1.png\" alt=\"\" class=\"wp-image-566\" srcset=\"https:\/\/hp-wp.de\/wp-content\/uploads\/2025\/07\/zusammenbau1.png 340w, https:\/\/hp-wp.de\/wp-content\/uploads\/2025\/07\/zusammenbau1-300x231.png 300w\" sizes=\"auto, (max-width: 340px) 100vw, 340px\" \/><\/figure>\n<\/div>\n\n\n\n<div class=\"wp-block-column is-layout-flow wp-block-column-is-layout-flow\">\n<figure class=\"wp-block-image size-full\"><img loading=\"lazy\" decoding=\"async\" width=\"340\" height=\"262\" src=\"https:\/\/hp-wp.de\/wp-content\/uploads\/2025\/07\/zusammenbau2.png\" alt=\"\" class=\"wp-image-567\" srcset=\"https:\/\/hp-wp.de\/wp-content\/uploads\/2025\/07\/zusammenbau2.png 340w, https:\/\/hp-wp.de\/wp-content\/uploads\/2025\/07\/zusammenbau2-300x231.png 300w\" sizes=\"auto, (max-width: 340px) 100vw, 340px\" \/><\/figure>\n<\/div>\n<\/div>\n\n\n\n<p>Der Zusammenbau war relativ simpel und hat ungef\u00e4hr eine Stunde gedauert. Die gut bebilderte englisch sprachige Anleitung ist auf der Website von QRP Labs zu finden. Eine dritte Hand ist beim Zusammenbau sehr hilfreich!<\/p>\n\n\n\n<p>Nach dem Zusammenbau habe ich den Dummyload mit meinem miniVNA pro durchgemessen. Selbst auf 2m ist das SWR &lt;=1.5<\/p>\n\n\n\n<p>Den Bausatz gibt es hier (unbezahlte Werbung):\u00a0<a href=\"http:\/\/www.qrp-labs.com\/dummy.html\" target=\"_blank\" rel=\"noreferrer noopener\">QRPLabs<\/a><\/p>\n","protected":false},"excerpt":{"rendered":"<p>Als ich mir bei QRP Labs das Bandpass Filter Set bestellt habe, bin ich noch \u00fcber diese 20 Watt Dummy Load gestolpert. Bei einem Preis von ~8\u20ac konnte ich nicht Nein sagen. Gestern kam das Paket per TNT Express an, heute habe ich mich ran gesetzt und den Bausatz zusammen gebaut. Im T\u00fctchen befinden sich&#8230;<\/p>\n","protected":false},"author":1,"featured_media":0,"parent":0,"menu_order":0,"comment_status":"closed","ping_status":"closed","template":"","meta":{"footnotes":""},"class_list":["post-564","page","type-page","status-publish","hentry"],"_links":{"self":[{"href":"https:\/\/hp-wp.de\/index.php?rest_route=\/wp\/v2\/pages\/564","targetHints":{"allow":["GET"]}}],"collection":[{"href":"https:\/\/hp-wp.de\/index.php?rest_route=\/wp\/v2\/pages"}],"about":[{"href":"https:\/\/hp-wp.de\/index.php?rest_route=\/wp\/v2\/types\/page"}],"author":[{"embeddable":true,"href":"https:\/\/hp-wp.de\/index.php?rest_route=\/wp\/v2\/users\/1"}],"replies":[{"embeddable":true,"href":"https:\/\/hp-wp.de\/index.php?rest_route=%2Fwp%2Fv2%2Fcomments&post=564"}],"version-history":[{"count":1,"href":"https:\/\/hp-wp.de\/index.php?rest_route=\/wp\/v2\/pages\/564\/revisions"}],"predecessor-version":[{"id":568,"href":"https:\/\/hp-wp.de\/index.php?rest_route=\/wp\/v2\/pages\/564\/revisions\/568"}],"wp:attachment":[{"href":"https:\/\/hp-wp.de\/index.php?rest_route=%2Fwp%2Fv2%2Fmedia&parent=564"}],"curies":[{"name":"wp","href":"https:\/\/api.w.org\/{rel}","templated":true}]}}