{"id":556,"date":"2025-07-02T21:44:15","date_gmt":"2025-07-02T19:44:15","guid":{"rendered":"https:\/\/hp-wp.de\/?page_id=556"},"modified":"2025-07-02T21:52:16","modified_gmt":"2025-07-02T19:52:16","slug":"utc-locator-uhr","status":"publish","type":"page","link":"https:\/\/hp-wp.de\/?page_id=556","title":{"rendered":"UTC Locator Uhr"},"content":{"rendered":"\n<p>Wenn man viel Portabel Funkbetrieb macht und klasisch analog auf Papier loggt, braucht man eine Uhr, in welcher Form auch immer. Da ich auch UKW Conteste oft portabler Weise mitmache war der Wunsch gro\u00df auch direkt eine Locator Anzeige integriert zu haben. Also wurde die Bastelkiste durchsucht und dabei ist folgendes Projekt entstanden:<\/p>\n\n\n\n<p>Man nehme ein Display, einen GPS Empf\u00e4nger und einen Arduino, damit hat man die Hauptkomponenten f\u00fcr die Uhr zusammen. Sie bietet die Anzeige der Satelliten genauen UTC Uhrzeit, des Locators, der H\u00f6he \u00fcber NN und der empfangenen GPS Satelliten.<\/p>\n\n\n\n<figure class=\"wp-block-image size-full\"><a href=\"https:\/\/hp-wp.de\/wp-content\/uploads\/2025\/07\/utc_loc_uhr_schematic.png\"><img loading=\"lazy\" decoding=\"async\" width=\"700\" height=\"392\" src=\"https:\/\/hp-wp.de\/wp-content\/uploads\/2025\/07\/utc_loc_uhr_schematic.png\" alt=\"\" class=\"wp-image-557\" srcset=\"https:\/\/hp-wp.de\/wp-content\/uploads\/2025\/07\/utc_loc_uhr_schematic.png 700w, https:\/\/hp-wp.de\/wp-content\/uploads\/2025\/07\/utc_loc_uhr_schematic-300x168.png 300w\" sizes=\"auto, (max-width: 700px) 100vw, 700px\" \/><\/a><\/figure>\n\n\n\n<p>Der Schaltplan weist keine Besonderheiten auf. Benutzt habe ich ein 2&#215;16 DotMatrix Display, einen Arduino Pro Mini und ein Neo-6M GPS Modul. Das GPS Modul ist \u00fcber die UART Schnittstelle mit dem Arduino verbunden. Das Display arbeitet im 4-Bit Modus. Au\u00dferdem ist noch ein Spannungsregler f\u00fcr 5V vorgesehen, der Betrieb erfolgt hier mit einer 9V Block Batterie.<\/p>\n\n\n\n<figure class=\"wp-block-image size-full\"><img loading=\"lazy\" decoding=\"async\" width=\"700\" height=\"384\" src=\"https:\/\/hp-wp.de\/wp-content\/uploads\/2025\/07\/utc_loc_uhr_platine.png\" alt=\"\" class=\"wp-image-558\" srcset=\"https:\/\/hp-wp.de\/wp-content\/uploads\/2025\/07\/utc_loc_uhr_platine.png 700w, https:\/\/hp-wp.de\/wp-content\/uploads\/2025\/07\/utc_loc_uhr_platine-300x165.png 300w\" sizes=\"auto, (max-width: 700px) 100vw, 700px\" \/><\/figure>\n\n\n\n<p>Die Platine, wie auch den Schaltplan, habe ich mit KiCAD designed und dann von&nbsp;<a href=\"https:\/\/aisler.net\/\" target=\"_blank\" rel=\"noreferrer noopener\">Aisler<\/a>&nbsp;fertigen lassen. Das Designziel war, dass die Platine m\u00f6glichst genau die gleiche Fl\u00e4che wie das verwendete Display haben sollte.<\/p>\n\n\n\n<p>Der Arduino Sketch beinhaltet die Hauptschleife, in der der GGA Datensatz des GPS Moduls ausgewertet und dann die entsprechenden Parameter auf dem Display angezeigt werden. Zus\u00e4tzlich gibt es noch eine Hilfsmethode die das NEMA Positionsformat in Grad Zahlen umwandelt mit welchen dann mit der zweiten Hilfsmethode der Locator berechnet wird. Der Arduino Sketch steht zur freien Verf\u00fcgung\u00a0<a href=\"https:\/\/nextcloud.hp2.be\/s\/SR4qxp4fmTDpPg7\" target=\"_blank\" rel=\"noreferrer noopener\">hier<\/a>\u00a0zum Download bereit.<\/p>\n\n\n\n<p>F\u00fcr weitergehende Informationen k\u00f6nnen die folgenden Quellen genutzt werden:<\/p>\n\n\n\n<ul class=\"wp-block-list\">\n<li><a href=\"http:\/\/aprs.gids.nl\/nmea\/\" target=\"_blank\" rel=\"noreferrer noopener\">NEMA Datens\u00e4tze<\/a><\/li>\n\n\n\n<li><a href=\"https:\/\/stackoverflow.com\/questions\/18442158\/latitude-longitude-in-wrong-format-dddmm-mmmm-2832-3396n\" target=\"_blank\" rel=\"noreferrer noopener\">GPS Koordinaten umwandeln<\/a><\/li>\n\n\n\n<li><a href=\"https:\/\/de.wikipedia.org\/wiki\/QTH-Locator\" target=\"_blank\" rel=\"noreferrer noopener\">Wikipedia Artikel QTH Loactor<\/a><\/li>\n<\/ul>\n\n\n\n<p>So sieht die fertige Uhr dann aus.<\/p>\n\n\n\n<figure class=\"wp-block-image size-full\"><img loading=\"lazy\" decoding=\"async\" width=\"700\" height=\"355\" src=\"https:\/\/hp-wp.de\/wp-content\/uploads\/2025\/07\/utc_loc_uhr_ergebnis.png\" alt=\"\" class=\"wp-image-559\" srcset=\"https:\/\/hp-wp.de\/wp-content\/uploads\/2025\/07\/utc_loc_uhr_ergebnis.png 700w, https:\/\/hp-wp.de\/wp-content\/uploads\/2025\/07\/utc_loc_uhr_ergebnis-300x152.png 300w\" sizes=\"auto, (max-width: 700px) 100vw, 700px\" \/><\/figure>\n","protected":false},"excerpt":{"rendered":"<p>Wenn man viel Portabel Funkbetrieb macht und klasisch analog auf Papier loggt, braucht man eine Uhr, in welcher Form auch immer. Da ich auch UKW Conteste oft portabler Weise mitmache war der Wunsch gro\u00df auch direkt eine Locator Anzeige integriert zu haben. Also wurde die Bastelkiste durchsucht und dabei ist folgendes Projekt entstanden: Man nehme&#8230;<\/p>\n","protected":false},"author":1,"featured_media":0,"parent":0,"menu_order":0,"comment_status":"closed","ping_status":"closed","template":"","meta":{"footnotes":""},"class_list":["post-556","page","type-page","status-publish","hentry"],"_links":{"self":[{"href":"https:\/\/hp-wp.de\/index.php?rest_route=\/wp\/v2\/pages\/556","targetHints":{"allow":["GET"]}}],"collection":[{"href":"https:\/\/hp-wp.de\/index.php?rest_route=\/wp\/v2\/pages"}],"about":[{"href":"https:\/\/hp-wp.de\/index.php?rest_route=\/wp\/v2\/types\/page"}],"author":[{"embeddable":true,"href":"https:\/\/hp-wp.de\/index.php?rest_route=\/wp\/v2\/users\/1"}],"replies":[{"embeddable":true,"href":"https:\/\/hp-wp.de\/index.php?rest_route=%2Fwp%2Fv2%2Fcomments&post=556"}],"version-history":[{"count":2,"href":"https:\/\/hp-wp.de\/index.php?rest_route=\/wp\/v2\/pages\/556\/revisions"}],"predecessor-version":[{"id":563,"href":"https:\/\/hp-wp.de\/index.php?rest_route=\/wp\/v2\/pages\/556\/revisions\/563"}],"wp:attachment":[{"href":"https:\/\/hp-wp.de\/index.php?rest_route=%2Fwp%2Fv2%2Fmedia&parent=556"}],"curies":[{"name":"wp","href":"https:\/\/api.w.org\/{rel}","templated":true}]}}