{"id":501,"date":"2025-06-28T23:05:47","date_gmt":"2025-06-28T21:05:47","guid":{"rendered":"https:\/\/hp-wp.de\/?page_id=501"},"modified":"2025-06-28T23:32:33","modified_gmt":"2025-06-28T21:32:33","slug":"thats-me-df1hpk","status":"publish","type":"page","link":"https:\/\/hp-wp.de\/?page_id=501","title":{"rendered":"That&#8217;s me &#8211; DF1HPK"},"content":{"rendered":"\n<p>Am 24. April 2009 war es endlich soweit. Nachdem ich im OV M06 einen Lizenzkurs absolviert hatte, habe ich in Hamburg bei der Bundesnetzagentur meine Pr\u00fcfung abgelegt. Diese bestand ich auf Anhieb und so bekam ich das Rufzeichen DO1HPK zugeteilt.<br>Einige Tage sp\u00e4ter lag dann die Zulassungsurkunde im Briefkasten und es konnte auf die B\u00e4nder gehen. Mein erstes QSO f\u00fchrte ich mit&nbsp;<a href=\"https:\/\/www.qrz.com\/db\/DK7XG\" target=\"_blank\" rel=\"noreferrer noopener\">Gebhard, DK7XG<\/a>&nbsp;\u00fcber das Aschbergrelais DB\u00d8ZA auf 2m.<br>Mein erstes KW QSO konnte ich dann am Abend nach dem Aufbau f\u00fcr den CW Fieldday im Juni fahren. Ich erreichte&nbsp;<a href=\"https:\/\/www.qrz.com\/db\/F8CHM\" target=\"_blank\" rel=\"noreferrer noopener\">Jean Mary, F8CHM<\/a>&nbsp;in Frankreich auf 80m.<\/p>\n\n\n\n<p>Als DOler war ich haupts\u00e4chlich mit meinem Handfunkger\u00e4t, einem&nbsp;<a href=\"http:\/\/rigpix.com\/alinco\/dj596e.htm\" target=\"_blank\" rel=\"noreferrer noopener\">Alinco DJ-596E<\/a>, auf 2m\/70cm QRV. Als Mieter einer Stadtwohnung war in meinem Fall leider nicht an eine KW Station zu denken.<br>Trotzdem reizten mich schnell die anderen KW B\u00e4nder. Gerade 20m und 40m sind doch sehr interessant und so wurde f\u00fcr die Klasse A Pr\u00fcfung gelernt.<br>Die Pr\u00fcfung bestand ich erfolgreich am 29. M\u00e4rz 2011 in Hamburg und bin seitdem als DF1HPK auf den B\u00e4ndern unterwegs.<\/p>\n\n\n\n<p>Neben meiner Mitgliedschaft im <a href=\"https:\/\/www.darc.de\" target=\"_blank\" rel=\"noreferrer noopener\">DARC<\/a> (DOK <a href=\"https:\/\/www.darc.de\/der-club\/distrikte\/p\/ortsverbaende\/49\/\" target=\"_blank\" rel=\"noreferrer noopener\">P49 Laupheim<\/a>, zuvor <a href=\"https:\/\/www.darc.de\/der-club\/distrikte\/m\/ortsverbaende\/06\/\" target=\"_blank\" rel=\"noreferrer noopener\">M06<\/a>, <a href=\"https:\/\/www.darc.de\/der-club\/distrikte\/m\/ortsverbaende\/30\" target=\"_blank\" rel=\"noreferrer noopener\">M30<\/a> und <a href=\"https:\/\/www.darc.de\/der-club\/distrikte\/c\/ortsverbaende\/28\" target=\"_blank\" rel=\"noreferrer noopener\">C28<\/a>) bin ich bei folgenden Vereinigungen Mitglied:<\/p>\n\n\n\n<ul class=\"wp-block-list\">\n<li>#35 &#8211; <a href=\"https:\/\/michael-funke.com\/just-for-fun-contest-club\/\" target=\"_blank\" rel=\"noreferrer noopener\">Just For Fun Contest Club<\/a><\/li>\n\n\n\n<li>#16461 &#8211; <a href=\"https:\/\/www.gqrp.com\" target=\"_blank\" rel=\"noreferrer noopener\">GQRP Club<\/a><\/li>\n\n\n\n<li>#6486 &#8211; <a href=\"https:\/\/diplom-interessen-gruppe.info\" target=\"_blank\" rel=\"noreferrer noopener\">Diplom Interessent Gruppe (DIG)<\/a><\/li>\n\n\n\n<li>#512 &#8211; <a href=\"https:\/\/qo100dx.club\" target=\"_blank\" rel=\"noreferrer noopener\">QO-100 DX Club<\/a><\/li>\n<\/ul>\n\n\n\n<p><\/p>\n","protected":false},"excerpt":{"rendered":"<p>Am 24. April 2009 war es endlich soweit. Nachdem ich im OV M06 einen Lizenzkurs absolviert hatte, habe ich in Hamburg bei der Bundesnetzagentur meine Pr\u00fcfung abgelegt. Diese bestand ich auf Anhieb und so bekam ich das Rufzeichen DO1HPK zugeteilt.Einige Tage sp\u00e4ter lag dann die Zulassungsurkunde im Briefkasten und es konnte auf die B\u00e4nder gehen&#8230;.<\/p>\n","protected":false},"author":1,"featured_media":0,"parent":0,"menu_order":0,"comment_status":"closed","ping_status":"closed","template":"","meta":{"footnotes":""},"class_list":["post-501","page","type-page","status-publish","hentry"],"_links":{"self":[{"href":"https:\/\/hp-wp.de\/index.php?rest_route=\/wp\/v2\/pages\/501","targetHints":{"allow":["GET"]}}],"collection":[{"href":"https:\/\/hp-wp.de\/index.php?rest_route=\/wp\/v2\/pages"}],"about":[{"href":"https:\/\/hp-wp.de\/index.php?rest_route=\/wp\/v2\/types\/page"}],"author":[{"embeddable":true,"href":"https:\/\/hp-wp.de\/index.php?rest_route=\/wp\/v2\/users\/1"}],"replies":[{"embeddable":true,"href":"https:\/\/hp-wp.de\/index.php?rest_route=%2Fwp%2Fv2%2Fcomments&post=501"}],"version-history":[{"count":3,"href":"https:\/\/hp-wp.de\/index.php?rest_route=\/wp\/v2\/pages\/501\/revisions"}],"predecessor-version":[{"id":507,"href":"https:\/\/hp-wp.de\/index.php?rest_route=\/wp\/v2\/pages\/501\/revisions\/507"}],"wp:attachment":[{"href":"https:\/\/hp-wp.de\/index.php?rest_route=%2Fwp%2Fv2%2Fmedia&parent=501"}],"curies":[{"name":"wp","href":"https:\/\/api.w.org\/{rel}","templated":true}]}}