{"id":454,"date":"2025-02-17T16:19:54","date_gmt":"2025-02-17T15:19:54","guid":{"rendered":"https:\/\/hp-wp.de\/?page_id=454"},"modified":"2025-02-18T14:58:39","modified_gmt":"2025-02-18T13:58:39","slug":"henrik-pfeifer-it-solutions","status":"publish","type":"page","link":"https:\/\/hp-wp.de\/?page_id=454","title":{"rendered":"Henrik Pfeifer &#8211; IT Solutions"},"content":{"rendered":"\n<p>Mein Name ist Henrik Pfeifer und ich bin studierter Informatiker (B.Sc. Informationstechnologie und Internet). Ich konnte in verschiedenen Branchen (Security, Finance, Automotive) \u00fcber 8 Jahre Berufserfahrung als Softwareentwickler sammeln. <\/p>\n\n\n\n<p>Neben eigenen Produkten biete ich auch individuelle IT&nbsp;L\u00f6sungen an. Dabei beschr\u00e4nkt sich mein Angebotshorizont nicht nur auf die reine Softwareentwicklung.<br>Auch Hardware (Stichwort &#8222;Internet of Things&#8220;) und eine umfangreiche Betreuung &#8211; von der Bedarfsanalyse und der Entwicklung \u00fcber die Inbetriebnahme<br>bis hin zu einer Schulung &#8211; sind f\u00fcr mich selbstverst\u00e4ndlich.<\/p>\n\n\n\n<p>Sie suchen nach einer speziellen IT&nbsp;Dienstleistung, die nicht aufgef\u00fchrt wurde? Oder haben eine Idee und brauchen einen Experten f\u00fcr die Umsetzung?<br>Dann freue ich mich darauf, von Ihnen zu h\u00f6ren und wir finden gemeinsam heraus, ob sich eine Zusammenarbeit anbietet.<\/p>\n\n\n\n<p>E-Mail Kontakt: <a href=\"https:\/\/hp-wp.de\/mailredirect.php\" target=\"_blank\" rel=\"noreferrer noopener\"><img loading=\"lazy\" decoding=\"async\" width=\"150\" height=\"15\" class=\"wp-image-459\" style=\"width: 150px;\" src=\"https:\/\/hp-wp.de\/wp-content\/uploads\/2025\/02\/impressum.png\" alt=\"\"><\/a><\/p>\n\n\n\n<p><\/p>\n","protected":false},"excerpt":{"rendered":"<p>Mein Name ist Henrik Pfeifer und ich bin studierter Informatiker (B.Sc. Informationstechnologie und Internet). Ich konnte in verschiedenen Branchen (Security, Finance, Automotive) \u00fcber 8 Jahre Berufserfahrung als Softwareentwickler sammeln. Neben eigenen Produkten biete ich auch individuelle IT&nbsp;L\u00f6sungen an. Dabei beschr\u00e4nkt sich mein Angebotshorizont nicht nur auf die reine Softwareentwicklung.Auch Hardware (Stichwort &#8222;Internet of Things&#8220;) und&#8230;<\/p>\n","protected":false},"author":1,"featured_media":455,"parent":0,"menu_order":0,"comment_status":"closed","ping_status":"closed","template":"","meta":{"footnotes":""},"class_list":["post-454","page","type-page","status-publish","has-post-thumbnail","hentry"],"_links":{"self":[{"href":"https:\/\/hp-wp.de\/index.php?rest_route=\/wp\/v2\/pages\/454","targetHints":{"allow":["GET"]}}],"collection":[{"href":"https:\/\/hp-wp.de\/index.php?rest_route=\/wp\/v2\/pages"}],"about":[{"href":"https:\/\/hp-wp.de\/index.php?rest_route=\/wp\/v2\/types\/page"}],"author":[{"embeddable":true,"href":"https:\/\/hp-wp.de\/index.php?rest_route=\/wp\/v2\/users\/1"}],"replies":[{"embeddable":true,"href":"https:\/\/hp-wp.de\/index.php?rest_route=%2Fwp%2Fv2%2Fcomments&post=454"}],"version-history":[{"count":3,"href":"https:\/\/hp-wp.de\/index.php?rest_route=\/wp\/v2\/pages\/454\/revisions"}],"predecessor-version":[{"id":464,"href":"https:\/\/hp-wp.de\/index.php?rest_route=\/wp\/v2\/pages\/454\/revisions\/464"}],"wp:featuredmedia":[{"embeddable":true,"href":"https:\/\/hp-wp.de\/index.php?rest_route=\/wp\/v2\/media\/455"}],"wp:attachment":[{"href":"https:\/\/hp-wp.de\/index.php?rest_route=%2Fwp%2Fv2%2Fmedia&parent=454"}],"curies":[{"name":"wp","href":"https:\/\/api.w.org\/{rel}","templated":true}]}}